{"id":2491,"date":"2018-02-14T13:09:33","date_gmt":"2018-02-14T12:09:33","guid":{"rendered":"https:\/\/healthyforkful.com\/?page_id=2491"},"modified":"2018-02-14T14:14:14","modified_gmt":"2018-02-14T13:14:14","slug":"contact","status":"publish","type":"page","link":"https:\/\/healthyforkful.com\/es\/contact\/","title":{"rendered":"Contact"},"content":{"rendered":"\t\t<div data-elementor-type=\"wp-post\" data-elementor-id=\"2491\" class=\"elementor elementor-2491 elementor-bc-flex-widget\">\n\t\t\t\t\t\t<section class=\"elementor-section elementor-top-section elementor-element elementor-element-1bdd4172 elementor-section-boxed elementor-section-height-default elementor-section-height-default\" data-id=\"1bdd4172\" data-element_type=\"section\">\n\t\t\t\t\t\t<div class=\"elementor-container elementor-column-gap-default\">\n\t\t\t\t\t<div class=\"elementor-column elementor-col-100 elementor-top-column elementor-element elementor-element-39ad8d09\" data-id=\"39ad8d09\" data-element_type=\"column\">\n\t\t\t<div class=\"elementor-widget-wrap elementor-element-populated\">\n\t\t\t\t\t\t<div class=\"elementor-element elementor-element-166912b elementor-widget elementor-widget-heading\" data-id=\"166912b\" data-element_type=\"widget\" data-widget_type=\"heading.default\">\n\t\t\t\t<div class=\"elementor-widget-container\">\n\t\t\t\t\t<h2 class=\"elementor-heading-title elementor-size-medium\">\nQUESTIONS? CONTACT HEALTHY FORKFUL!\n<\/h2>\t\t\t\t<\/div>\n\t\t\t\t<\/div>\n\t\t\t\t<div class=\"elementor-element elementor-element-ef845ea elementor-widget elementor-widget-text-editor\" data-id=\"ef845ea\" data-element_type=\"widget\" data-widget_type=\"text-editor.default\">\n\t\t\t\t<div class=\"elementor-widget-container\">\n\t\t\t\t\t\t\t\t\t<p>Healthy Forkful is based in Barcelona (Spain).<\/p><p>Maria tries to answer emails as quickly as possible. She&#8217;s managing all emails\u00a0in-house with lots of love, care, and consideration&#8230;<\/p>\t\t\t\t\t\t\t\t<\/div>\n\t\t\t\t<\/div>\n\t\t\t\t<section class=\"elementor-section elementor-inner-section elementor-element elementor-element-fa32da1 elementor-section-boxed elementor-section-height-default elementor-section-height-default\" data-id=\"fa32da1\" data-element_type=\"section\">\n\t\t\t\t\t\t<div class=\"elementor-container elementor-column-gap-default\">\n\t\t\t\t\t<div class=\"elementor-column elementor-col-50 elementor-inner-column elementor-element elementor-element-0b8fc9b\" data-id=\"0b8fc9b\" data-element_type=\"column\">\n\t\t\t<div class=\"elementor-widget-wrap elementor-element-populated\">\n\t\t\t\t\t\t<div class=\"elementor-element elementor-element-aef9f1f elementor-widget elementor-widget-text-editor\" data-id=\"aef9f1f\" data-element_type=\"widget\" data-widget_type=\"text-editor.default\">\n\t\t\t\t<div class=\"elementor-widget-container\">\n\t\t\t\t\t\t\t\t\t<p><span style=\"letter-spacing: 0.02em;\">Maria is accepting clients for <\/span><strong style=\"letter-spacing: 0.02em;\">health consultation<\/strong><span style=\"letter-spacing: 0.02em;\">, so please if you have any enquiry don&#8217;t hesitate to fill up the form.<\/span><\/p><p>At Healthy Forkful, Maria develops original recipes for magazines, writes articles on healthy cooking and hosts cooking workshops. She also speaks collaborates on projects with people who are passionate about a healthy lifestyle.<\/p><p>For any\u00a0<strong>business, press, and information inquiries<\/strong>\u00a0please write to: healthyforkful@gmail.com or fill up the form.<\/p><p>If you\u2019re a company interested in sharing <strong>samples<\/strong> or simply want to send some goodies, please request the office address with email.<\/p>\t\t\t\t\t\t\t\t<\/div>\n\t\t\t\t<\/div>\n\t\t\t\t\t<\/div>\n\t\t<\/div>\n\t\t\t\t<div class=\"elementor-column elementor-col-50 elementor-inner-column elementor-element elementor-element-54c78b2\" data-id=\"54c78b2\" data-element_type=\"column\">\n\t\t\t<div class=\"elementor-widget-wrap elementor-element-populated\">\n\t\t\t\t\t\t<div class=\"elementor-element elementor-element-275efd9 elementor-widget elementor-widget-text-editor\" data-id=\"275efd9\" data-element_type=\"widget\" data-widget_type=\"text-editor.default\">\n\t\t\t\t<div class=\"elementor-widget-container\">\n\t\t\t\t\t\t\t\t\t<p><span style=\"letter-spacing: 0.02em;\">\n<div class=\"wpcf7 no-js\" id=\"wpcf7-f2489-o1\" lang=\"en-US\" dir=\"ltr\" data-wpcf7-id=\"2489\">\n<div class=\"screen-reader-response\"><p role=\"status\" aria-live=\"polite\" aria-atomic=\"true\"><\/p> <ul><\/ul><\/div>\n<form action=\"\/es\/wp-json\/wp\/v2\/pages\/2491\/#wpcf7-f2489-o1\" method=\"post\" class=\"wpcf7-form init\" aria-label=\"Formulario de contacto\" novalidate=\"novalidate\" data-status=\"init\">\n<fieldset class=\"hidden-fields-container\"><input type=\"hidden\" name=\"_wpcf7\" value=\"2489\" \/><input type=\"hidden\" name=\"_wpcf7_version\" value=\"6.1.4\" \/><input type=\"hidden\" name=\"_wpcf7_locale\" value=\"en_US\" \/><input type=\"hidden\" name=\"_wpcf7_unit_tag\" value=\"wpcf7-f2489-o1\" \/><input type=\"hidden\" name=\"_wpcf7_container_post\" value=\"0\" \/><input type=\"hidden\" name=\"_wpcf7_posted_data_hash\" value=\"\" \/>\n<\/fieldset>\n<p><label> NAME (required)<br \/>\n<span class=\"wpcf7-form-control-wrap\" data-name=\"your-name\"><input size=\"40\" maxlength=\"400\" class=\"wpcf7-form-control wpcf7-text wpcf7-validates-as-required\" aria-required=\"true\" aria-invalid=\"false\" value=\"\" type=\"text\" name=\"your-name\" \/><\/span> <\/label>\n<\/p>\n<p><label> EMAIL (required)<br \/>\n<span class=\"wpcf7-form-control-wrap\" data-name=\"your-email\"><input size=\"40\" maxlength=\"400\" class=\"wpcf7-form-control wpcf7-email wpcf7-validates-as-required wpcf7-text wpcf7-validates-as-email\" aria-required=\"true\" aria-invalid=\"false\" value=\"\" type=\"email\" name=\"your-email\" \/><\/span> <\/label>\n<\/p>\n<p><label> SUBJECT<br \/>\n<span class=\"wpcf7-form-control-wrap\" data-name=\"your-subject\"><input size=\"40\" maxlength=\"400\" class=\"wpcf7-form-control wpcf7-text\" aria-invalid=\"false\" value=\"\" type=\"text\" name=\"your-subject\" \/><\/span> <\/label>\n<\/p>\n<p><label> HOW CAN I HELP YOU?<br \/>\n<span class=\"wpcf7-form-control-wrap\" data-name=\"your-message\"><textarea cols=\"40\" rows=\"10\" maxlength=\"2000\" class=\"wpcf7-form-control wpcf7-textarea\" aria-invalid=\"false\" name=\"your-message\"><\/textarea><\/span> <\/label>\n<\/p>\n<p><input class=\"wpcf7-form-control wpcf7-submit has-spinner\" type=\"submit\" value=\"Send\" \/>\n<\/p><div class=\"wpcf7-response-output\" aria-hidden=\"true\"><\/div>\n<\/form>\n<\/div>\n<\/span><\/p>\t\t\t\t\t\t\t\t<\/div>\n\t\t\t\t<\/div>\n\t\t\t\t\t<\/div>\n\t\t<\/div>\n\t\t\t\t\t<\/div>\n\t\t<\/section>\n\t\t\t\t\t<\/div>\n\t\t<\/div>\n\t\t\t\t\t<\/div>\n\t\t<\/section>\n\t\t\t\t<section class=\"elementor-section elementor-top-section elementor-element elementor-element-cf324c9 elementor-section-boxed elementor-section-height-default elementor-section-height-default\" data-id=\"cf324c9\" data-element_type=\"section\">\n\t\t\t\t\t\t<div class=\"elementor-container elementor-column-gap-default\">\n\t\t\t\t\t<div class=\"elementor-column elementor-col-100 elementor-top-column elementor-element elementor-element-cada8fc\" data-id=\"cada8fc\" data-element_type=\"column\">\n\t\t\t<div class=\"elementor-widget-wrap elementor-element-populated\">\n\t\t\t\t\t\t<div class=\"elementor-element elementor-element-cba84d9 elementor-widget elementor-widget-text-editor\" data-id=\"cba84d9\" data-element_type=\"widget\" data-widget_type=\"text-editor.default\">\n\t\t\t\t<div class=\"elementor-widget-container\">\n\t\t\t\t\t\t\t\t\t<p>You can also follow Maria on <a href=\"http:\/\/www.instagram.com\/healthyforkful\">Instagram<\/a>, <a href=\"http:\/\/www.facebook.com\/healthyforkful\">Facebook<\/a> and <a href=\"http:\/\/www.twitter.com\/healthyforkful\">Twitter<\/a>.\u00a0<\/p>\t\t\t\t\t\t\t\t<\/div>\n\t\t\t\t<\/div>\n\t\t\t\t\t<\/div>\n\t\t<\/div>\n\t\t\t\t\t<\/div>\n\t\t<\/section>\n\t\t\t\t<\/div>\n\t\t<!-- AddThis Advanced Settings generic via filter on the_content --><!-- AddThis Share Buttons generic via filter on the_content -->","protected":false},"excerpt":{"rendered":"<p>QUESTIONS? CONTACT HEALTHY FORKFUL! Healthy Forkful is based in Barcelona (Spain). Maria tries to answer emails as quickly as possible. She&#8217;s managing all emails\u00a0in-house with lots of love, care, and consideration&#8230; Maria is accepting clients for health consultation, so please if you have any enquiry don&#8217;t hesitate to fill up the form. At Healthy Forkful,&#8230;<!-- AddThis Advanced Settings generic via filter on get_the_excerpt --><!-- AddThis Share Buttons generic via filter on get_the_excerpt --><\/p>\n<p><a class=\"more-link\" href=\"https:\/\/healthyforkful.com\/es\/contact\/\">Read More<\/a><\/p>","protected":false},"author":1,"featured_media":0,"parent":0,"menu_order":0,"comment_status":"closed","ping_status":"closed","template":"","meta":{"wprm-recipe-roundup-name":"","wprm-recipe-roundup-description":"","_monsterinsights_skip_tracking":false,"_monsterinsights_sitenote_active":false,"_monsterinsights_sitenote_note":"","_monsterinsights_sitenote_category":0,"_genesis_hide_title":false,"_genesis_hide_breadcrumbs":false,"_genesis_hide_singular_image":false,"_genesis_hide_footer_widgets":false,"_genesis_custom_body_class":"","_genesis_custom_post_class":"","_genesis_layout":"","jetpack_post_was_ever_published":false,"footnotes":""},"class_list":{"0":"post-2491","1":"page","2":"type-page","3":"status-publish","5":"entry"},"yoast_head":"<!-- This site is optimized with the Yoast SEO plugin v26.8 - https:\/\/yoast.com\/product\/yoast-seo-wordpress\/ -->\n<title>Contact<\/title>\n<meta name=\"description\" content=\"QUESTIONS? CONTACT HEALTHY FORKFUL! Healthy Forkful is based in Barcelona (Spain).Maria tries to answer emails as quickly as possible. She&#039;s managing all\" \/>\n<meta name=\"robots\" content=\"noindex, follow\" \/>\n<meta property=\"og:locale\" content=\"es_ES\" \/>\n<meta property=\"og:type\" content=\"article\" \/>\n<meta property=\"og:title\" content=\"Contact\" \/>\n<meta property=\"og:description\" content=\"QUESTIONS? CONTACT HEALTHY FORKFUL! Healthy Forkful is based in Barcelona (Spain).Maria tries to answer emails as quickly as possible. She&#039;s managing all\" \/>\n<meta property=\"og:url\" content=\"https:\/\/healthyforkful.com\/contact\/\" \/>\n<meta property=\"og:site_name\" content=\"Healthy Forkful\" \/>\n<meta property=\"article:publisher\" content=\"www.facebook.com\/healthyforkful\" \/>\n<meta property=\"article:modified_time\" content=\"2018-02-14T13:14:14+00:00\" \/>\n<meta property=\"og:image\" content=\"https:\/\/i0.wp.com\/healthyforkful.com\/wp-content\/uploads\/2017\/02\/About-Maria.jpg?fit=825%2C821&ssl=1\" \/>\n\t<meta property=\"og:image:width\" content=\"825\" \/>\n\t<meta property=\"og:image:height\" content=\"821\" \/>\n\t<meta property=\"og:image:type\" content=\"image\/jpeg\" \/>\n<meta name=\"twitter:card\" content=\"summary_large_image\" \/>\n<meta name=\"twitter:site\" content=\"@healthyforkful\" \/>\n<meta name=\"twitter:label1\" content=\"Tiempo de lectura\" \/>\n\t<meta name=\"twitter:data1\" content=\"1 minuto\" \/>\n<script type=\"application\/ld+json\" class=\"yoast-schema-graph\">{\"@context\":\"https:\/\/schema.org\",\"@graph\":[{\"@type\":\"WebPage\",\"@id\":\"https:\/\/healthyforkful.com\/contact\/\",\"url\":\"https:\/\/healthyforkful.com\/contact\/\",\"name\":\"Contact\",\"isPartOf\":{\"@id\":\"https:\/\/healthyforkful.com\/#website\"},\"datePublished\":\"2018-02-14T12:09:33+00:00\",\"dateModified\":\"2018-02-14T13:14:14+00:00\",\"description\":\"QUESTIONS? CONTACT HEALTHY FORKFUL! Healthy Forkful is based in Barcelona (Spain).Maria tries to answer emails as quickly as possible. She's managing all\",\"breadcrumb\":{\"@id\":\"https:\/\/healthyforkful.com\/contact\/#breadcrumb\"},\"inLanguage\":\"es\",\"potentialAction\":[{\"@type\":\"ReadAction\",\"target\":[\"https:\/\/healthyforkful.com\/contact\/\"]}]},{\"@type\":\"BreadcrumbList\",\"@id\":\"https:\/\/healthyforkful.com\/contact\/#breadcrumb\",\"itemListElement\":[{\"@type\":\"ListItem\",\"position\":1,\"name\":\"Home\",\"item\":\"https:\/\/healthyforkful.com\/es\/\"},{\"@type\":\"ListItem\",\"position\":2,\"name\":\"Contact\"}]},{\"@type\":\"WebSite\",\"@id\":\"https:\/\/healthyforkful.com\/#website\",\"url\":\"https:\/\/healthyforkful.com\/\",\"name\":\"Healthy Forkful\",\"description\":\"Recetas nutritivas y deliciosas \",\"publisher\":{\"@id\":\"https:\/\/healthyforkful.com\/#\/schema\/person\/36d13024a9c2682528a14123f097fb96\"},\"potentialAction\":[{\"@type\":\"SearchAction\",\"target\":{\"@type\":\"EntryPoint\",\"urlTemplate\":\"https:\/\/healthyforkful.com\/?s={search_term_string}\"},\"query-input\":{\"@type\":\"PropertyValueSpecification\",\"valueRequired\":true,\"valueName\":\"search_term_string\"}}],\"inLanguage\":\"es\"},{\"@type\":[\"Person\",\"Organization\"],\"@id\":\"https:\/\/healthyforkful.com\/#\/schema\/person\/36d13024a9c2682528a14123f097fb96\",\"name\":\"Maria\",\"image\":{\"@type\":\"ImageObject\",\"inLanguage\":\"es\",\"@id\":\"https:\/\/healthyforkful.com\/#\/schema\/person\/image\/\",\"url\":\"https:\/\/i0.wp.com\/www.healthyforkful.com\/wp-content\/uploads\/2017\/11\/Maria-Llamas.jpg?fit=200%2C200&ssl=1\",\"contentUrl\":\"https:\/\/i0.wp.com\/www.healthyforkful.com\/wp-content\/uploads\/2017\/11\/Maria-Llamas.jpg?fit=200%2C200&ssl=1\",\"width\":200,\"height\":200,\"caption\":\"Maria\"},\"logo\":{\"@id\":\"https:\/\/healthyforkful.com\/#\/schema\/person\/image\/\"},\"sameAs\":[\"https:\/\/healthyforkful.com\/\",\"www.facebook.com\/healthyforkful\"]}]}<\/script>\n<!-- \/ Yoast SEO plugin. -->","yoast_head_json":{"title":"Contact","description":"QUESTIONS? CONTACT HEALTHY FORKFUL! Healthy Forkful is based in Barcelona (Spain).Maria tries to answer emails as quickly as possible. She's managing all","robots":{"index":"noindex","follow":"follow"},"og_locale":"es_ES","og_type":"article","og_title":"Contact","og_description":"QUESTIONS? CONTACT HEALTHY FORKFUL! Healthy Forkful is based in Barcelona (Spain).Maria tries to answer emails as quickly as possible. She's managing all","og_url":"https:\/\/healthyforkful.com\/contact\/","og_site_name":"Healthy Forkful","article_publisher":"www.facebook.com\/healthyforkful","article_modified_time":"2018-02-14T13:14:14+00:00","og_image":[{"width":825,"height":821,"url":"https:\/\/i0.wp.com\/healthyforkful.com\/wp-content\/uploads\/2017\/02\/About-Maria.jpg?fit=825%2C821&ssl=1","type":"image\/jpeg"}],"twitter_card":"summary_large_image","twitter_site":"@healthyforkful","twitter_misc":{"Tiempo de lectura":"1 minuto"},"schema":{"@context":"https:\/\/schema.org","@graph":[{"@type":"WebPage","@id":"https:\/\/healthyforkful.com\/contact\/","url":"https:\/\/healthyforkful.com\/contact\/","name":"Contact","isPartOf":{"@id":"https:\/\/healthyforkful.com\/#website"},"datePublished":"2018-02-14T12:09:33+00:00","dateModified":"2018-02-14T13:14:14+00:00","description":"QUESTIONS? CONTACT HEALTHY FORKFUL! Healthy Forkful is based in Barcelona (Spain).Maria tries to answer emails as quickly as possible. She's managing all","breadcrumb":{"@id":"https:\/\/healthyforkful.com\/contact\/#breadcrumb"},"inLanguage":"es","potentialAction":[{"@type":"ReadAction","target":["https:\/\/healthyforkful.com\/contact\/"]}]},{"@type":"BreadcrumbList","@id":"https:\/\/healthyforkful.com\/contact\/#breadcrumb","itemListElement":[{"@type":"ListItem","position":1,"name":"Home","item":"https:\/\/healthyforkful.com\/es\/"},{"@type":"ListItem","position":2,"name":"Contact"}]},{"@type":"WebSite","@id":"https:\/\/healthyforkful.com\/#website","url":"https:\/\/healthyforkful.com\/","name":"Healthy Forkful","description":"Recetas nutritivas y deliciosas ","publisher":{"@id":"https:\/\/healthyforkful.com\/#\/schema\/person\/36d13024a9c2682528a14123f097fb96"},"potentialAction":[{"@type":"SearchAction","target":{"@type":"EntryPoint","urlTemplate":"https:\/\/healthyforkful.com\/?s={search_term_string}"},"query-input":{"@type":"PropertyValueSpecification","valueRequired":true,"valueName":"search_term_string"}}],"inLanguage":"es"},{"@type":["Person","Organization"],"@id":"https:\/\/healthyforkful.com\/#\/schema\/person\/36d13024a9c2682528a14123f097fb96","name":"Maria","image":{"@type":"ImageObject","inLanguage":"es","@id":"https:\/\/healthyforkful.com\/#\/schema\/person\/image\/","url":"https:\/\/i0.wp.com\/www.healthyforkful.com\/wp-content\/uploads\/2017\/11\/Maria-Llamas.jpg?fit=200%2C200&ssl=1","contentUrl":"https:\/\/i0.wp.com\/www.healthyforkful.com\/wp-content\/uploads\/2017\/11\/Maria-Llamas.jpg?fit=200%2C200&ssl=1","width":200,"height":200,"caption":"Maria"},"logo":{"@id":"https:\/\/healthyforkful.com\/#\/schema\/person\/image\/"},"sameAs":["https:\/\/healthyforkful.com\/","www.facebook.com\/healthyforkful"]}]}},"jetpack_sharing_enabled":true,"jetpack_shortlink":"https:\/\/wp.me\/P8n1Ll-Eb","jetpack-related-posts":[{"id":5,"url":"https:\/\/healthyforkful.com\/es\/about\/","url_meta":{"origin":2491,"position":0},"title":"About","author":"Maria","date":"","format":false,"excerpt":"Hi there! I\u2019m Maria and I\u2019m so happy to welcome you to Healthy Forkful, a healthy foodie world created specially for you. In Healthy Forkful you will get inspiration, advice, suggestions and lots of tips for cooking and living a healthy choice. I have been all my life surrounded by\u2026","rel":"","context":"Entrada similar","block_context":{"text":"Entrada similar","link":""},"img":{"alt_text":"About Maria","src":"https:\/\/i0.wp.com\/healthyforkful.com\/wp-content\/uploads\/2017\/02\/About-Maria-300x300.jpg?resize=350%2C200&ssl=1","width":350,"height":200},"classes":[]},{"id":1401,"url":"https:\/\/healthyforkful.com\/es\/3-day-detox-ebook\/","url_meta":{"origin":2491,"position":1},"title":"Detox Guide Landing Page","author":"Maria","date":"","format":false,"excerpt":"3-Day Detox | Complete Guide Edici\u00f3n en Espa\u00f1ol Do you feel bloated, constipated and congested? Has your digestion worsened? Do you feel tired and low in energy? This 3-Day Detox is a quick way to get your health on track. There are periods in my life\u00a0that I feel exhausted, my\u2026","rel":"","context":"Entrada similar","block_context":{"text":"Entrada similar","link":""},"img":{"alt_text":"","src":"https:\/\/i0.wp.com\/healthyforkful.com\/wp-content\/uploads\/2018\/04\/logo-stripe-300x95.png?resize=350%2C200&ssl=1","width":350,"height":200},"classes":[]},{"id":2964,"url":"https:\/\/healthyforkful.com\/es\/sobre-mi\/","url_meta":{"origin":2491,"position":2},"title":"Sobre m\u00ed","author":"Maria","date":"","format":false,"excerpt":"Hola! Soy Mar\u00eda y estoy muy feliz de darle la bienvenida a Healthy Forkful, una web de alimentaci\u00f3n rica y saludable creada especialmente para t\u00ed. En Healthy Forkful obtendr\u00e1s inspiraci\u00f3n, consejos, sugerencias y muchos consejos para cocinar y vivir de una forma m\u00e1s saludable. La comida y la alimentaci\u00f3n ha\u2026","rel":"","context":"Entrada similar","block_context":{"text":"Entrada similar","link":""},"img":{"alt_text":"About Maria","src":"https:\/\/i0.wp.com\/healthyforkful.com\/wp-content\/uploads\/2017\/02\/About-Maria-300x300.jpg?resize=350%2C200&ssl=1","width":350,"height":200},"classes":[]},{"id":1594,"url":"https:\/\/healthyforkful.com\/es\/3-dias-detox\/","url_meta":{"origin":2491,"position":3},"title":"Gu\u00eda Detox landing page","author":"Maria","date":"","format":false,"excerpt":"3-d\u00edas Detox | Gu\u00eda Completa English edition \u00bfTe sientes hinchado, pesado y sufres de estre\u00f1imiento? \u00bfTus digestiones son cada vez m\u00e1s pesadas? \u00bfEst\u00e1s siempre cansado y con poca energ\u00eda? Esta desintoxicaci\u00f3n de 3 d\u00edas es una manera r\u00e1pida de poner tu salud por el buen camino. Hay\u00a0momentos en mi vida\u2026","rel":"","context":"Entrada similar","block_context":{"text":"Entrada similar","link":""},"img":{"alt_text":"","src":"https:\/\/i0.wp.com\/healthyforkful.com\/wp-content\/uploads\/2018\/04\/logo-stripe-300x95.png?resize=350%2C200&ssl=1","width":350,"height":200},"classes":[]},{"id":1423,"url":"https:\/\/healthyforkful.com\/es\/services\/","url_meta":{"origin":2491,"position":4},"title":"Services","author":"Maria","date":"","format":false,"excerpt":"services Health & Nutritional Coaching Feeling stuck? Are you an emotional eater? Do you need inspiration & support to feel your best? Confused about all the nutritional information out there? Healthy Cooking Need help adopting a healthy cooking? Confused about healthy alternatives? Bored of boiled & tasteless food? Would you\u2026","rel":"","context":"Entrada similar","block_context":{"text":"Entrada similar","link":""},"img":{"alt_text":"","src":"https:\/\/i0.wp.com\/healthyforkful.com\/wp-content\/uploads\/2017\/05\/food-to-fight-stress.jpg?resize=350%2C200&ssl=1","width":350,"height":200,"srcset":"https:\/\/i0.wp.com\/healthyforkful.com\/wp-content\/uploads\/2017\/05\/food-to-fight-stress.jpg?resize=350%2C200&ssl=1 1x, https:\/\/i0.wp.com\/healthyforkful.com\/wp-content\/uploads\/2017\/05\/food-to-fight-stress.jpg?resize=525%2C300&ssl=1 1.5x, https:\/\/i0.wp.com\/healthyforkful.com\/wp-content\/uploads\/2017\/05\/food-to-fight-stress.jpg?resize=700%2C400&ssl=1 2x"},"classes":[]},{"id":5640,"url":"https:\/\/healthyforkful.com\/es\/hf-home-2\/","url_meta":{"origin":2491,"position":5},"title":"home","author":"Maria","date":"","format":false,"excerpt":"RECIPES HEALTHY LIVING","rel":"","context":"Entrada similar","block_context":{"text":"Entrada similar","link":""},"img":{"alt_text":"","src":"","width":0,"height":0},"classes":[]}],"jetpack_likes_enabled":true,"amp_enabled":false,"_links":{"self":[{"href":"https:\/\/healthyforkful.com\/es\/wp-json\/wp\/v2\/pages\/2491\/"}],"collection":[{"href":"https:\/\/healthyforkful.com\/es\/wp-json\/wp\/v2\/pages\/"}],"about":[{"href":"https:\/\/healthyforkful.com\/es\/wp-json\/wp\/v2\/types\/page\/"}],"author":[{"embeddable":true,"href":"https:\/\/healthyforkful.com\/es\/wp-json\/wp\/v2\/users\/1\/"}],"replies":[{"embeddable":true,"href":"https:\/\/healthyforkful.com\/es\/wp-json\/wp\/v2\/comments\/?post=2491"}],"version-history":[{"count":5,"href":"https:\/\/healthyforkful.com\/es\/wp-json\/wp\/v2\/pages\/2491\/revisions\/"}],"predecessor-version":[{"id":2508,"href":"https:\/\/healthyforkful.com\/es\/wp-json\/wp\/v2\/pages\/2491\/revisions\/2508\/"}],"wp:attachment":[{"href":"https:\/\/healthyforkful.com\/es\/wp-json\/wp\/v2\/media\/?parent=2491"}],"curies":[{"name":"wp","href":"https:\/\/api.w.org\/{rel}","templated":true}]}}