{"id":2964,"date":"2018-04-12T09:52:07","date_gmt":"2018-04-12T07:52:07","guid":{"rendered":"https:\/\/healthyforkful.com\/?page_id=2964"},"modified":"2018-04-12T09:52:07","modified_gmt":"2018-04-12T07:52:07","slug":"sobre-mi","status":"publish","type":"page","link":"https:\/\/healthyforkful.com\/es\/sobre-mi\/","title":{"rendered":"Sobre m\u00ed"},"content":{"rendered":"<p><a href=\"https:\/\/i0.wp.com\/healthyforkful.com\/wp-content\/uploads\/2017\/02\/About-Maria.jpg?ssl=1\"><img data-recalc-dims=\"1\" fetchpriority=\"high\" decoding=\"async\" class=\"alignleft wp-image-201\" src=\"https:\/\/i0.wp.com\/healthyforkful.com\/wp-content\/uploads\/2017\/02\/About-Maria.jpg?resize=317%2C317&#038;ssl=1\" alt=\"About Maria\" width=\"317\" height=\"317\" srcset=\"https:\/\/i0.wp.com\/healthyforkful.com\/wp-content\/uploads\/2017\/02\/About-Maria.jpg?resize=300%2C300&amp;ssl=1 300w, https:\/\/i0.wp.com\/healthyforkful.com\/wp-content\/uploads\/2017\/02\/About-Maria.jpg?resize=150%2C149&amp;ssl=1 150w, https:\/\/i0.wp.com\/healthyforkful.com\/wp-content\/uploads\/2017\/02\/About-Maria.jpg?resize=320%2C320&amp;ssl=1 320w, https:\/\/i0.wp.com\/healthyforkful.com\/wp-content\/uploads\/2017\/02\/About-Maria.jpg?zoom=2&amp;resize=317%2C317&amp;ssl=1 634w\" sizes=\"(max-width: 317px) 100vw, 317px\" \/><\/a><\/p>\n<p>Hola!<\/p>\n<p>Soy Mar\u00eda y estoy muy feliz de darle la bienvenida a Healthy Forkful, una web de alimentaci\u00f3n rica y saludable creada especialmente para t\u00ed.<\/p>\n<p>En Healthy Forkful obtendr\u00e1s inspiraci\u00f3n, consejos, sugerencias y muchos consejos para cocinar y vivir de una forma m\u00e1s saludable.<\/p>\n<p>La comida y la alimentaci\u00f3n ha estado siempre presente en mi vida. Mi madre fue mi primera maestra, ella me ense\u00f1\u00f3 y me motiv\u00f3 siempre a experimentar en la cocina.<\/p>\n<p>Despu\u00e9s de la universidad, me traslad\u00e9 a Dubl\u00edn, mejor\u00e9 mi ingl\u00e9s, estudi\u00e9 Artes Culinarias y consegu\u00ed trabajar en cocinas profesionales de muy diferentes \u00e1mbitos, ganando as\u00ed una experiencia m\u00e1s amplia.<\/p>\n<p>He tenido la suerte de viajar mucho por todo el mundo. Me encanta descubrir nuevas costumbres culinarias, probar ingredientes nuevos y diferentes y jugar con utensilios de cocina \u00abextra\u00f1os\u00bb para mi.<\/p>\n<p>Recuerdo la primera vez que prob\u00e9 la quinoa en un pueblo remoto de Per\u00fa. Los tagines de arcilla en Marruecos, los mercados de especias en Turqu\u00eda o la sopa de langosta en Islandia. Disfruto haciendo peque\u00f1os viajes a ciudades europeas, siempre con un mapa gastron\u00f3mico como gu\u00eda.<\/p>\n<p>Viv\u00ed en el sur de Asia durante casi un a\u00f1o y trabaj\u00e9 en Camboya como asesora culinaria en un caf\u00e9 cuya filosof\u00eda era ofrecer una alimentaci\u00f3n nutritiva y saludable. All\u00ed serviamos comida fresca y creativa, deliciosos platos crudiveganos, zumos y batidos incre\u00edbles y tambi\u00e9n organizamos programas detox.<\/p>\n<p>Actualmente estoy viviendo en Barcelona. He trabajado como Chef Ejecutivo en un restaurante org\u00e1nico. Pero ahora he decidido centrarme en mi carrera como Coach Nutricional y de Salud (certificada por IIN-Institute of Integrative Nutrition en Nueva York) y tambi\u00e9n promoviendo cursos de cocina saludable y clases privadas.<\/p>\n<p>Con Healthy Forkful quiero compartir mi experiencia y experimentos y hacer que sea m\u00e1s f\u00e1cil para t\u00ed vivir una vida m\u00e1s plena y nutritiva.<\/p>\n<p>\u00a1Gracias por pasarte por aqu\u00ed!<\/p>\n<!-- AddThis Advanced Settings generic via filter on the_content --><!-- AddThis Share Buttons generic via filter on the_content -->","protected":false},"excerpt":{"rendered":"<p>Hola! Soy Mar\u00eda y estoy muy feliz de darle la bienvenida a Healthy Forkful, una web de alimentaci\u00f3n rica y saludable creada especialmente para t\u00ed. En Healthy Forkful obtendr\u00e1s inspiraci\u00f3n, consejos, sugerencias y muchos consejos para cocinar y vivir de una forma m\u00e1s saludable. La comida y la alimentaci\u00f3n ha estado siempre presente en mi&#8230;<!-- AddThis Advanced Settings generic via filter on get_the_excerpt --><!-- AddThis Share Buttons generic via filter on get_the_excerpt --><\/p>\n<p><a class=\"more-link\" href=\"https:\/\/healthyforkful.com\/es\/sobre-mi\/\">Read More<\/a><\/p>","protected":false},"author":1,"featured_media":0,"parent":0,"menu_order":0,"comment_status":"closed","ping_status":"closed","template":"","meta":{"wprm-recipe-roundup-name":"","wprm-recipe-roundup-description":"","_monsterinsights_skip_tracking":false,"_monsterinsights_sitenote_active":false,"_monsterinsights_sitenote_note":"","_monsterinsights_sitenote_category":0,"_genesis_hide_title":false,"_genesis_hide_breadcrumbs":false,"_genesis_hide_singular_image":false,"_genesis_hide_footer_widgets":false,"_genesis_custom_body_class":"","_genesis_custom_post_class":"","_genesis_layout":"","jetpack_post_was_ever_published":false,"footnotes":""},"class_list":{"0":"post-2964","1":"page","2":"type-page","3":"status-publish","5":"entry","6":"has-post-thumbnail"},"yoast_head":"<!-- This site is optimized with the Yoast SEO plugin v26.8 - https:\/\/yoast.com\/product\/yoast-seo-wordpress\/ -->\n<title>Sobre m\u00ed<\/title>\n<meta name=\"description\" content=\"Hola! Soy Mar\u00eda y estoy muy feliz de darle la bienvenida a Healthy Forkful, una web de alimentaci\u00f3n rica y saludable creada especialmente para t\u00ed. En\" \/>\n<meta name=\"robots\" content=\"index, follow, max-snippet:-1, max-image-preview:large, max-video-preview:-1\" \/>\n<link rel=\"canonical\" href=\"https:\/\/healthyforkful.com\/es\/sobre-mi\/\" \/>\n<meta property=\"og:locale\" content=\"es_ES\" \/>\n<meta property=\"og:type\" content=\"article\" \/>\n<meta property=\"og:title\" content=\"Sobre m\u00ed\" \/>\n<meta property=\"og:description\" content=\"Hola! Soy Mar\u00eda y estoy muy feliz de darle la bienvenida a Healthy Forkful, una web de alimentaci\u00f3n rica y saludable creada especialmente para t\u00ed. En\" \/>\n<meta property=\"og:url\" content=\"https:\/\/healthyforkful.com\/es\/sobre-mi\/\" \/>\n<meta property=\"og:site_name\" content=\"Healthy Forkful\" \/>\n<meta property=\"article:publisher\" content=\"www.facebook.com\/healthyforkful\" \/>\n<meta property=\"og:image\" content=\"https:\/\/healthyforkful.com\/wp-content\/uploads\/2017\/02\/About-Maria-300x300.jpg\" \/>\n<meta name=\"twitter:card\" content=\"summary_large_image\" \/>\n<meta name=\"twitter:site\" content=\"@healthyforkful\" \/>\n<meta name=\"twitter:label1\" content=\"Tiempo de lectura\" \/>\n\t<meta name=\"twitter:data1\" content=\"2 minutos\" \/>\n<script type=\"application\/ld+json\" class=\"yoast-schema-graph\">{\"@context\":\"https:\/\/schema.org\",\"@graph\":[{\"@type\":\"WebPage\",\"@id\":\"https:\/\/healthyforkful.com\/es\/sobre-mi\/\",\"url\":\"https:\/\/healthyforkful.com\/es\/sobre-mi\/\",\"name\":\"Sobre m\u00ed\",\"isPartOf\":{\"@id\":\"https:\/\/healthyforkful.com\/#website\"},\"primaryImageOfPage\":{\"@id\":\"https:\/\/healthyforkful.com\/es\/sobre-mi\/#primaryimage\"},\"image\":{\"@id\":\"https:\/\/healthyforkful.com\/es\/sobre-mi\/#primaryimage\"},\"thumbnailUrl\":\"https:\/\/healthyforkful.com\/wp-content\/uploads\/2017\/02\/About-Maria-300x300.jpg\",\"datePublished\":\"2018-04-12T07:52:07+00:00\",\"description\":\"Hola! Soy Mar\u00eda y estoy muy feliz de darle la bienvenida a Healthy Forkful, una web de alimentaci\u00f3n rica y saludable creada especialmente para t\u00ed. En\",\"breadcrumb\":{\"@id\":\"https:\/\/healthyforkful.com\/es\/sobre-mi\/#breadcrumb\"},\"inLanguage\":\"es\",\"potentialAction\":[{\"@type\":\"ReadAction\",\"target\":[\"https:\/\/healthyforkful.com\/es\/sobre-mi\/\"]}]},{\"@type\":\"ImageObject\",\"inLanguage\":\"es\",\"@id\":\"https:\/\/healthyforkful.com\/es\/sobre-mi\/#primaryimage\",\"url\":\"https:\/\/healthyforkful.com\/wp-content\/uploads\/2017\/02\/About-Maria-300x300.jpg\",\"contentUrl\":\"https:\/\/healthyforkful.com\/wp-content\/uploads\/2017\/02\/About-Maria-300x300.jpg\"},{\"@type\":\"BreadcrumbList\",\"@id\":\"https:\/\/healthyforkful.com\/es\/sobre-mi\/#breadcrumb\",\"itemListElement\":[{\"@type\":\"ListItem\",\"position\":1,\"name\":\"Home\",\"item\":\"https:\/\/healthyforkful.com\/es\/\"},{\"@type\":\"ListItem\",\"position\":2,\"name\":\"Sobre m\u00ed\"}]},{\"@type\":\"WebSite\",\"@id\":\"https:\/\/healthyforkful.com\/#website\",\"url\":\"https:\/\/healthyforkful.com\/\",\"name\":\"Healthy Forkful\",\"description\":\"Recetas nutritivas y deliciosas \",\"publisher\":{\"@id\":\"https:\/\/healthyforkful.com\/#\/schema\/person\/36d13024a9c2682528a14123f097fb96\"},\"potentialAction\":[{\"@type\":\"SearchAction\",\"target\":{\"@type\":\"EntryPoint\",\"urlTemplate\":\"https:\/\/healthyforkful.com\/?s={search_term_string}\"},\"query-input\":{\"@type\":\"PropertyValueSpecification\",\"valueRequired\":true,\"valueName\":\"search_term_string\"}}],\"inLanguage\":\"es\"},{\"@type\":[\"Person\",\"Organization\"],\"@id\":\"https:\/\/healthyforkful.com\/#\/schema\/person\/36d13024a9c2682528a14123f097fb96\",\"name\":\"Maria\",\"image\":{\"@type\":\"ImageObject\",\"inLanguage\":\"es\",\"@id\":\"https:\/\/healthyforkful.com\/#\/schema\/person\/image\/\",\"url\":\"https:\/\/i0.wp.com\/www.healthyforkful.com\/wp-content\/uploads\/2017\/11\/Maria-Llamas.jpg?fit=200%2C200&ssl=1\",\"contentUrl\":\"https:\/\/i0.wp.com\/www.healthyforkful.com\/wp-content\/uploads\/2017\/11\/Maria-Llamas.jpg?fit=200%2C200&ssl=1\",\"width\":200,\"height\":200,\"caption\":\"Maria\"},\"logo\":{\"@id\":\"https:\/\/healthyforkful.com\/#\/schema\/person\/image\/\"},\"sameAs\":[\"https:\/\/healthyforkful.com\/\",\"www.facebook.com\/healthyforkful\"]}]}<\/script>\n<!-- \/ Yoast SEO plugin. -->","yoast_head_json":{"title":"Sobre m\u00ed","description":"Hola! Soy Mar\u00eda y estoy muy feliz de darle la bienvenida a Healthy Forkful, una web de alimentaci\u00f3n rica y saludable creada especialmente para t\u00ed. En","robots":{"index":"index","follow":"follow","max-snippet":"max-snippet:-1","max-image-preview":"max-image-preview:large","max-video-preview":"max-video-preview:-1"},"canonical":"https:\/\/healthyforkful.com\/es\/sobre-mi\/","og_locale":"es_ES","og_type":"article","og_title":"Sobre m\u00ed","og_description":"Hola! Soy Mar\u00eda y estoy muy feliz de darle la bienvenida a Healthy Forkful, una web de alimentaci\u00f3n rica y saludable creada especialmente para t\u00ed. En","og_url":"https:\/\/healthyforkful.com\/es\/sobre-mi\/","og_site_name":"Healthy Forkful","article_publisher":"www.facebook.com\/healthyforkful","og_image":[{"url":"https:\/\/healthyforkful.com\/wp-content\/uploads\/2017\/02\/About-Maria-300x300.jpg","type":"","width":"","height":""}],"twitter_card":"summary_large_image","twitter_site":"@healthyforkful","twitter_misc":{"Tiempo de lectura":"2 minutos"},"schema":{"@context":"https:\/\/schema.org","@graph":[{"@type":"WebPage","@id":"https:\/\/healthyforkful.com\/es\/sobre-mi\/","url":"https:\/\/healthyforkful.com\/es\/sobre-mi\/","name":"Sobre m\u00ed","isPartOf":{"@id":"https:\/\/healthyforkful.com\/#website"},"primaryImageOfPage":{"@id":"https:\/\/healthyforkful.com\/es\/sobre-mi\/#primaryimage"},"image":{"@id":"https:\/\/healthyforkful.com\/es\/sobre-mi\/#primaryimage"},"thumbnailUrl":"https:\/\/healthyforkful.com\/wp-content\/uploads\/2017\/02\/About-Maria-300x300.jpg","datePublished":"2018-04-12T07:52:07+00:00","description":"Hola! Soy Mar\u00eda y estoy muy feliz de darle la bienvenida a Healthy Forkful, una web de alimentaci\u00f3n rica y saludable creada especialmente para t\u00ed. En","breadcrumb":{"@id":"https:\/\/healthyforkful.com\/es\/sobre-mi\/#breadcrumb"},"inLanguage":"es","potentialAction":[{"@type":"ReadAction","target":["https:\/\/healthyforkful.com\/es\/sobre-mi\/"]}]},{"@type":"ImageObject","inLanguage":"es","@id":"https:\/\/healthyforkful.com\/es\/sobre-mi\/#primaryimage","url":"https:\/\/healthyforkful.com\/wp-content\/uploads\/2017\/02\/About-Maria-300x300.jpg","contentUrl":"https:\/\/healthyforkful.com\/wp-content\/uploads\/2017\/02\/About-Maria-300x300.jpg"},{"@type":"BreadcrumbList","@id":"https:\/\/healthyforkful.com\/es\/sobre-mi\/#breadcrumb","itemListElement":[{"@type":"ListItem","position":1,"name":"Home","item":"https:\/\/healthyforkful.com\/es\/"},{"@type":"ListItem","position":2,"name":"Sobre m\u00ed"}]},{"@type":"WebSite","@id":"https:\/\/healthyforkful.com\/#website","url":"https:\/\/healthyforkful.com\/","name":"Healthy Forkful","description":"Recetas nutritivas y deliciosas ","publisher":{"@id":"https:\/\/healthyforkful.com\/#\/schema\/person\/36d13024a9c2682528a14123f097fb96"},"potentialAction":[{"@type":"SearchAction","target":{"@type":"EntryPoint","urlTemplate":"https:\/\/healthyforkful.com\/?s={search_term_string}"},"query-input":{"@type":"PropertyValueSpecification","valueRequired":true,"valueName":"search_term_string"}}],"inLanguage":"es"},{"@type":["Person","Organization"],"@id":"https:\/\/healthyforkful.com\/#\/schema\/person\/36d13024a9c2682528a14123f097fb96","name":"Maria","image":{"@type":"ImageObject","inLanguage":"es","@id":"https:\/\/healthyforkful.com\/#\/schema\/person\/image\/","url":"https:\/\/i0.wp.com\/www.healthyforkful.com\/wp-content\/uploads\/2017\/11\/Maria-Llamas.jpg?fit=200%2C200&ssl=1","contentUrl":"https:\/\/i0.wp.com\/www.healthyforkful.com\/wp-content\/uploads\/2017\/11\/Maria-Llamas.jpg?fit=200%2C200&ssl=1","width":200,"height":200,"caption":"Maria"},"logo":{"@id":"https:\/\/healthyforkful.com\/#\/schema\/person\/image\/"},"sameAs":["https:\/\/healthyforkful.com\/","www.facebook.com\/healthyforkful"]}]}},"jetpack_sharing_enabled":true,"jetpack_shortlink":"https:\/\/wp.me\/P8n1Ll-LO","jetpack-related-posts":[{"id":3008,"url":"https:\/\/healthyforkful.com\/es\/presentacion-maria\/","url_meta":{"origin":2964,"position":0},"title":"Presentaci\u00f3n Mar\u00eda","author":"Maria","date":"","format":false,"excerpt":"Soy Mar\u00eda, Coach Nutricional y de Salud, Chef y una apasionada de la comida. Estoy viviendo en Barcelona, pero antes viaj\u00e9 por todo el mundo y viv\u00ed en pa\u00edses muy diferentes donde aprend\u00ed much\u00edsimo sobre cocina, alimentaci\u00f3n y la vida. Aprend\u00ed a cocinar con mi madre y, aunque estudi\u00e9 Artes\u2026","rel":"","context":"Entrada similar","block_context":{"text":"Entrada similar","link":""},"img":{"alt_text":"Sobre mi","src":"https:\/\/i0.wp.com\/healthyforkful.com\/wp-content\/uploads\/2017\/02\/About-Maria.jpg?fit=825%2C821&ssl=1&resize=350%2C200","width":350,"height":200,"srcset":"https:\/\/i0.wp.com\/healthyforkful.com\/wp-content\/uploads\/2017\/02\/About-Maria.jpg?fit=825%2C821&ssl=1&resize=350%2C200 1x, https:\/\/i0.wp.com\/healthyforkful.com\/wp-content\/uploads\/2017\/02\/About-Maria.jpg?fit=825%2C821&ssl=1&resize=525%2C300 1.5x, https:\/\/i0.wp.com\/healthyforkful.com\/wp-content\/uploads\/2017\/02\/About-Maria.jpg?fit=825%2C821&ssl=1&resize=700%2C400 2x"},"classes":[]},{"id":4861,"url":"https:\/\/healthyforkful.com\/es\/de-la-cena-al-tupper\/","url_meta":{"origin":2964,"position":1},"title":"De la Cena al Tupper","author":"Maria","date":"","format":false,"excerpt":"HOLA \u00a1ENCANTADA DE CONOCERTE! Soy Mar\u00eda, Coach Nutricional y de Salud, Chef y una apasionada de la comida. Actualmente vivo en Barcelona, pero antes viaj\u00e9 por todo el mundo y viv\u00ed en pa\u00edses muy diferentes donde aprend\u00ed much\u00edsimo sobre cocina, alimentaci\u00f3n y la vida. Aprend\u00ed a cocinar con mi madre\u2026","rel":"","context":"Entrada similar","block_context":{"text":"Entrada similar","link":""},"img":{"alt_text":"Sobre mi","src":"https:\/\/i0.wp.com\/healthyforkful.com\/wp-content\/uploads\/2017\/02\/About-Maria.jpg?resize=350%2C200&ssl=1","width":350,"height":200,"srcset":"https:\/\/i0.wp.com\/healthyforkful.com\/wp-content\/uploads\/2017\/02\/About-Maria.jpg?resize=350%2C200&ssl=1 1x, https:\/\/i0.wp.com\/healthyforkful.com\/wp-content\/uploads\/2017\/02\/About-Maria.jpg?resize=525%2C300&ssl=1 1.5x, https:\/\/i0.wp.com\/healthyforkful.com\/wp-content\/uploads\/2017\/02\/About-Maria.jpg?resize=700%2C400&ssl=1 2x"},"classes":[]},{"id":1594,"url":"https:\/\/healthyforkful.com\/es\/3-dias-detox\/","url_meta":{"origin":2964,"position":2},"title":"Gu\u00eda Detox landing page","author":"Maria","date":"","format":false,"excerpt":"3-d\u00edas Detox | Gu\u00eda Completa English edition \u00bfTe sientes hinchado, pesado y sufres de estre\u00f1imiento? \u00bfTus digestiones son cada vez m\u00e1s pesadas? \u00bfEst\u00e1s siempre cansado y con poca energ\u00eda? Esta desintoxicaci\u00f3n de 3 d\u00edas es una manera r\u00e1pida de poner tu salud por el buen camino. Hay\u00a0momentos en mi vida\u2026","rel":"","context":"Entrada similar","block_context":{"text":"Entrada similar","link":""},"img":{"alt_text":"","src":"https:\/\/i0.wp.com\/healthyforkful.com\/wp-content\/uploads\/2018\/04\/logo-stripe-300x95.png?resize=350%2C200&ssl=1","width":350,"height":200},"classes":[]},{"id":2999,"url":"https:\/\/healthyforkful.com\/es\/cocina-saludable\/","url_meta":{"origin":2964,"position":3},"title":"Cocina Saludable","author":"Maria","date":"","format":false,"excerpt":"Una alimentaci\u00f3n saludable comienza en la cocina \u00bfEres nuevo en la cocina? \u00bfTe gustar\u00eda experimentar con nuevos ingredientes pero no sabes c\u00f3mo? \u00bfCrees que las verduras son aburridas? \u00bfQuieres aprender sobre superalimentos y c\u00f3mo usarlos en la cocina? No vayas demasiado lejos. \u00a1Clases de cocina privadas es lo que necesitas!\u2026","rel":"","context":"Entrada similar","block_context":{"text":"Entrada similar","link":""},"img":{"alt_text":"","src":"https:\/\/i0.wp.com\/healthyforkful.com\/wp-content\/uploads\/2018\/12\/alyson-mcphee-499812-unsplash.jpg?fit=1200%2C795&ssl=1&resize=350%2C200","width":350,"height":200,"srcset":"https:\/\/i0.wp.com\/healthyforkful.com\/wp-content\/uploads\/2018\/12\/alyson-mcphee-499812-unsplash.jpg?fit=1200%2C795&ssl=1&resize=350%2C200 1x, https:\/\/i0.wp.com\/healthyforkful.com\/wp-content\/uploads\/2018\/12\/alyson-mcphee-499812-unsplash.jpg?fit=1200%2C795&ssl=1&resize=525%2C300 1.5x, https:\/\/i0.wp.com\/healthyforkful.com\/wp-content\/uploads\/2018\/12\/alyson-mcphee-499812-unsplash.jpg?fit=1200%2C795&ssl=1&resize=700%2C400 2x, https:\/\/i0.wp.com\/healthyforkful.com\/wp-content\/uploads\/2018\/12\/alyson-mcphee-499812-unsplash.jpg?fit=1200%2C795&ssl=1&resize=1050%2C600 3x"},"classes":[]},{"id":5487,"url":"https:\/\/healthyforkful.com\/es\/links-interesantes\/","url_meta":{"origin":2964,"position":4},"title":"Links interesantes","author":"Maria","date":"","format":false,"excerpt":"\u00a1Bienvenida a la Comunidad ML!Obt\u00e9n tu gu\u00eda gratuita con los 10 mandamientos que me ayudan dejar de obsesionarme con la comida y mi cuerpo.Estoy muy agradecida de que hayas elegido ML para apoyarte en tu viaje de alimentaci\u00f3n consciente y vida consciente para sentirte en equilibrio y a gusto.- Mar\u00eda\u2026","rel":"","context":"Entrada similar","block_context":{"text":"Entrada similar","link":""},"img":{"alt_text":"","src":"https:\/\/i0.wp.com\/healthyforkful.com\/wp-content\/uploads\/2020\/11\/Logo-ML.png?resize=350%2C200&ssl=1","width":350,"height":200},"classes":[]},{"id":2969,"url":"https:\/\/healthyforkful.com\/es\/servicios\/","url_meta":{"origin":2964,"position":5},"title":"Servicios","author":"Maria","date":"","format":false,"excerpt":"SERVICIOS Asesor\u00edas Nutricionales \u00bfTe sientes atrapado o bloqueado con tu alimentaci\u00f3n? \u00bfComes compulsivamente? \u00bfNecesitas inspiraci\u00f3n y apoyo para sentirte mejor? \u00bfConfundido con tanta informaci\u00f3n nutricional? Clases de Cocina Natural \u00bfNecesitas ayuda para adoptar una cocina saludable? \u00bfConfundido con tanta alternativa saludable? \u00bfAburrido de comida saludable ins\u00edpida? \u00bfTe gustar\u00eda que tus\u2026","rel":"","context":"Entrada similar","block_context":{"text":"Entrada similar","link":""},"img":{"alt_text":"","src":"https:\/\/i0.wp.com\/healthyforkful.com\/wp-content\/uploads\/2017\/05\/food-to-fight-stress.jpg?resize=350%2C200&ssl=1","width":350,"height":200,"srcset":"https:\/\/i0.wp.com\/healthyforkful.com\/wp-content\/uploads\/2017\/05\/food-to-fight-stress.jpg?resize=350%2C200&ssl=1 1x, https:\/\/i0.wp.com\/healthyforkful.com\/wp-content\/uploads\/2017\/05\/food-to-fight-stress.jpg?resize=525%2C300&ssl=1 1.5x, https:\/\/i0.wp.com\/healthyforkful.com\/wp-content\/uploads\/2017\/05\/food-to-fight-stress.jpg?resize=700%2C400&ssl=1 2x"},"classes":[]}],"jetpack_likes_enabled":true,"amp_enabled":false,"_links":{"self":[{"href":"https:\/\/healthyforkful.com\/es\/wp-json\/wp\/v2\/pages\/2964\/"}],"collection":[{"href":"https:\/\/healthyforkful.com\/es\/wp-json\/wp\/v2\/pages\/"}],"about":[{"href":"https:\/\/healthyforkful.com\/es\/wp-json\/wp\/v2\/types\/page\/"}],"author":[{"embeddable":true,"href":"https:\/\/healthyforkful.com\/es\/wp-json\/wp\/v2\/users\/1\/"}],"replies":[{"embeddable":true,"href":"https:\/\/healthyforkful.com\/es\/wp-json\/wp\/v2\/comments\/?post=2964"}],"version-history":[{"count":4,"href":"https:\/\/healthyforkful.com\/es\/wp-json\/wp\/v2\/pages\/2964\/revisions\/"}],"predecessor-version":[{"id":2968,"href":"https:\/\/healthyforkful.com\/es\/wp-json\/wp\/v2\/pages\/2964\/revisions\/2968\/"}],"wp:attachment":[{"href":"https:\/\/healthyforkful.com\/es\/wp-json\/wp\/v2\/media\/?parent=2964"}],"curies":[{"name":"wp","href":"https:\/\/api.w.org\/{rel}","templated":true}]}}